{"id":2101,"date":"2026-03-25T21:50:50","date_gmt":"2026-03-25T20:50:50","guid":{"rendered":"https:\/\/neu-verstoffwechselt.de\/?post_type=product&#038;p=2101"},"modified":"2026-03-25T21:54:27","modified_gmt":"2026-03-25T20:54:27","slug":"patchworktasche-aus-baumwolle","status":"publish","type":"product","link":"https:\/\/neu-verstoffwechselt.de\/en\/product\/patchworktasche-aus-baumwolle\/","title":{"rendered":"Patchworktasche aus Baumwolle"},"content":{"rendered":"<p>Mit dieser ger\u00e4umigen Tasche macht jeder Einkauf gute Laune. Sie wurde in liebevoller Handarbeit angefertigt aus Baumwolle in Gute-Laune-Mustern. Dein Handy und Geldbeutel k\u00f6nnen in der praktischen Innentasche sicher verstaut werden und durch die verl\u00e4ngerten Tragegriffe l\u00e4sst sich die Tasche einfach \u00fcber der Schulter tragen. Das Material ist besonders stabil, der Boden wurde zus\u00e4tzlich mit recycelter Jeans verst\u00e4rkt. Die Tasche kann bei bis zu 60 Grad Celsius gewaschen werden. Das Label besteht aus veganem Leder und kann individuell auf Wunsch gestaltet werden. Schreib mir daf\u00fcr einfach eine Mail!<\/p>\n<p>&nbsp;<\/p>","protected":false},"excerpt":{"rendered":"<p>Ger\u00e4umige Einkaufstasche aus recycelten Stoffen<\/p>","protected":false},"featured_media":1916,"comment_status":"closed","ping_status":"closed","template":"","meta":[],"product_brand":[],"product_cat":[34,62,44],"product_tag":[],"class_list":{"0":"post-2101","1":"product","2":"type-product","3":"status-publish","4":"has-post-thumbnail","6":"product_cat-accessories","7":"product_cat-merchandise","8":"product_cat-taschen","10":"first","11":"outofstock","12":"shipping-taxable","13":"purchasable","14":"product-type-simple"},"_links":{"self":[{"href":"https:\/\/neu-verstoffwechselt.de\/en\/wp-json\/wp\/v2\/product\/2101","targetHints":{"allow":["GET"]}}],"collection":[{"href":"https:\/\/neu-verstoffwechselt.de\/en\/wp-json\/wp\/v2\/product"}],"about":[{"href":"https:\/\/neu-verstoffwechselt.de\/en\/wp-json\/wp\/v2\/types\/product"}],"replies":[{"embeddable":true,"href":"https:\/\/neu-verstoffwechselt.de\/en\/wp-json\/wp\/v2\/comments?post=2101"}],"wp:featuredmedia":[{"embeddable":true,"href":"https:\/\/neu-verstoffwechselt.de\/en\/wp-json\/wp\/v2\/media\/1916"}],"wp:attachment":[{"href":"https:\/\/neu-verstoffwechselt.de\/en\/wp-json\/wp\/v2\/media?parent=2101"}],"wp:term":[{"taxonomy":"product_brand","embeddable":true,"href":"https:\/\/neu-verstoffwechselt.de\/en\/wp-json\/wp\/v2\/product_brand?post=2101"},{"taxonomy":"product_cat","embeddable":true,"href":"https:\/\/neu-verstoffwechselt.de\/en\/wp-json\/wp\/v2\/product_cat?post=2101"},{"taxonomy":"product_tag","embeddable":true,"href":"https:\/\/neu-verstoffwechselt.de\/en\/wp-json\/wp\/v2\/product_tag?post=2101"}],"curies":[{"name":"wp","href":"https:\/\/api.w.org\/{rel}","templated":true}]}}