{"id":2075,"date":"2026-03-22T22:40:35","date_gmt":"2026-03-22T21:40:35","guid":{"rendered":"https:\/\/neu-verstoffwechselt.de\/?post_type=product&#038;p=2075"},"modified":"2026-03-22T23:02:41","modified_gmt":"2026-03-22T22:02:41","slug":"ostermoehre","status":"publish","type":"product","link":"https:\/\/neu-verstoffwechselt.de\/en\/product\/ostermoehre\/","title":{"rendered":"Osterm\u00f6hre"},"content":{"rendered":"<p>Kleiner Geschenkbeutel in Form einer M\u00f6hre, mit Kordelzugverschluss. Perfekt, um deine Lieben zu Ostern mit einer kleinen Aufmerksamkeit zu \u00fcberraschen.<\/p>\n<p>Aus einer ausgedienten Gardine und Stoffresten werden wiederverwendendbare Gl\u00fccklichmacher. Frohe Ostern!<\/p>","protected":false},"excerpt":{"rendered":"<p>Wiederverwendbarer Geschenkbeutel in Karottenform<\/p>","protected":false},"featured_media":2045,"comment_status":"closed","ping_status":"closed","template":"","meta":[],"product_brand":[],"product_cat":[40],"product_tag":[],"class_list":{"0":"post-2075","1":"product","2":"type-product","3":"status-publish","4":"has-post-thumbnail","6":"product_cat-geschenkbeutel","7":"product_shipping_class-mini-light","9":"first","10":"instock","11":"featured","12":"shipping-taxable","13":"purchasable","14":"product-type-simple"},"_links":{"self":[{"href":"https:\/\/neu-verstoffwechselt.de\/en\/wp-json\/wp\/v2\/product\/2075","targetHints":{"allow":["GET"]}}],"collection":[{"href":"https:\/\/neu-verstoffwechselt.de\/en\/wp-json\/wp\/v2\/product"}],"about":[{"href":"https:\/\/neu-verstoffwechselt.de\/en\/wp-json\/wp\/v2\/types\/product"}],"replies":[{"embeddable":true,"href":"https:\/\/neu-verstoffwechselt.de\/en\/wp-json\/wp\/v2\/comments?post=2075"}],"wp:featuredmedia":[{"embeddable":true,"href":"https:\/\/neu-verstoffwechselt.de\/en\/wp-json\/wp\/v2\/media\/2045"}],"wp:attachment":[{"href":"https:\/\/neu-verstoffwechselt.de\/en\/wp-json\/wp\/v2\/media?parent=2075"}],"wp:term":[{"taxonomy":"product_brand","embeddable":true,"href":"https:\/\/neu-verstoffwechselt.de\/en\/wp-json\/wp\/v2\/product_brand?post=2075"},{"taxonomy":"product_cat","embeddable":true,"href":"https:\/\/neu-verstoffwechselt.de\/en\/wp-json\/wp\/v2\/product_cat?post=2075"},{"taxonomy":"product_tag","embeddable":true,"href":"https:\/\/neu-verstoffwechselt.de\/en\/wp-json\/wp\/v2\/product_tag?post=2075"}],"curies":[{"name":"wp","href":"https:\/\/api.w.org\/{rel}","templated":true}]}}