{"id":2071,"date":"2026-03-22T22:30:45","date_gmt":"2026-03-22T21:30:45","guid":{"rendered":"https:\/\/neu-verstoffwechselt.de\/?post_type=product&#038;p=2071"},"modified":"2026-03-25T20:57:39","modified_gmt":"2026-03-25T19:57:39","slug":"retro-clipboerse-granny-purse","status":"publish","type":"product","link":"https:\/\/neu-verstoffwechselt.de\/en\/product\/retro-clipboerse-granny-purse\/","title":{"rendered":"Retro Clipb\u00f6rse Granny purse"},"content":{"rendered":"<p>Kleine B\u00f6rse mit B\u00fcgelverschluss aus Samt mit Blumenmuster und Futter aus Satin. Ein eleganter kleiner Begleiter und garantierter Hingucker.<\/p>","protected":false},"excerpt":{"rendered":"<p>Kleine Granny Purse\u00a0 &#8211; die B\u00f6rse f\u00fcr dein Kleingeld<\/p>","protected":false},"featured_media":2043,"comment_status":"closed","ping_status":"closed","template":"","meta":[],"product_brand":[],"product_cat":[34,44],"product_tag":[],"class_list":{"0":"post-2071","1":"product","2":"type-product","3":"status-publish","4":"has-post-thumbnail","6":"product_cat-accessories","7":"product_cat-taschen","8":"product_shipping_class-mini-light","10":"first","11":"instock","12":"shipping-taxable","13":"purchasable","14":"product-type-simple"},"_links":{"self":[{"href":"https:\/\/neu-verstoffwechselt.de\/en\/wp-json\/wp\/v2\/product\/2071","targetHints":{"allow":["GET"]}}],"collection":[{"href":"https:\/\/neu-verstoffwechselt.de\/en\/wp-json\/wp\/v2\/product"}],"about":[{"href":"https:\/\/neu-verstoffwechselt.de\/en\/wp-json\/wp\/v2\/types\/product"}],"replies":[{"embeddable":true,"href":"https:\/\/neu-verstoffwechselt.de\/en\/wp-json\/wp\/v2\/comments?post=2071"}],"wp:featuredmedia":[{"embeddable":true,"href":"https:\/\/neu-verstoffwechselt.de\/en\/wp-json\/wp\/v2\/media\/2043"}],"wp:attachment":[{"href":"https:\/\/neu-verstoffwechselt.de\/en\/wp-json\/wp\/v2\/media?parent=2071"}],"wp:term":[{"taxonomy":"product_brand","embeddable":true,"href":"https:\/\/neu-verstoffwechselt.de\/en\/wp-json\/wp\/v2\/product_brand?post=2071"},{"taxonomy":"product_cat","embeddable":true,"href":"https:\/\/neu-verstoffwechselt.de\/en\/wp-json\/wp\/v2\/product_cat?post=2071"},{"taxonomy":"product_tag","embeddable":true,"href":"https:\/\/neu-verstoffwechselt.de\/en\/wp-json\/wp\/v2\/product_tag?post=2071"}],"curies":[{"name":"wp","href":"https:\/\/api.w.org\/{rel}","templated":true}]}}