{"id":2027,"date":"2026-03-22T21:52:49","date_gmt":"2026-03-22T20:52:49","guid":{"rendered":"https:\/\/neu-verstoffwechselt.de\/?post_type=product&#038;p=2027"},"modified":"2026-03-22T23:03:17","modified_gmt":"2026-03-22T22:03:17","slug":"osteranhaenger-aus-holz","status":"publish","type":"product","link":"https:\/\/neu-verstoffwechselt.de\/en\/product\/osteranhaenger-aus-holz\/","title":{"rendered":"Osteranh\u00e4nger aus Holz"},"content":{"rendered":"<p>Leichter Deko-Anh\u00e4nger aus Holz in Fr\u00fchlingsfarben oder zum selbst gestalten<\/p>","protected":false},"excerpt":{"rendered":"<p>Dekorativer Anh\u00e4nger f\u00fcr Ostern<\/p>","protected":false},"featured_media":2029,"comment_status":"closed","ping_status":"closed","template":"","meta":[],"product_brand":[],"product_cat":[72],"product_tag":[],"class_list":{"0":"post-2027","1":"product","2":"type-product","3":"status-publish","4":"has-post-thumbnail","6":"product_cat-deko-aus-holz","7":"product_shipping_class-mini-light","9":"first","10":"instock","11":"featured","12":"shipping-taxable","13":"purchasable","14":"product-type-variable"},"_links":{"self":[{"href":"https:\/\/neu-verstoffwechselt.de\/en\/wp-json\/wp\/v2\/product\/2027","targetHints":{"allow":["GET"]}}],"collection":[{"href":"https:\/\/neu-verstoffwechselt.de\/en\/wp-json\/wp\/v2\/product"}],"about":[{"href":"https:\/\/neu-verstoffwechselt.de\/en\/wp-json\/wp\/v2\/types\/product"}],"replies":[{"embeddable":true,"href":"https:\/\/neu-verstoffwechselt.de\/en\/wp-json\/wp\/v2\/comments?post=2027"}],"wp:featuredmedia":[{"embeddable":true,"href":"https:\/\/neu-verstoffwechselt.de\/en\/wp-json\/wp\/v2\/media\/2029"}],"wp:attachment":[{"href":"https:\/\/neu-verstoffwechselt.de\/en\/wp-json\/wp\/v2\/media?parent=2027"}],"wp:term":[{"taxonomy":"product_brand","embeddable":true,"href":"https:\/\/neu-verstoffwechselt.de\/en\/wp-json\/wp\/v2\/product_brand?post=2027"},{"taxonomy":"product_cat","embeddable":true,"href":"https:\/\/neu-verstoffwechselt.de\/en\/wp-json\/wp\/v2\/product_cat?post=2027"},{"taxonomy":"product_tag","embeddable":true,"href":"https:\/\/neu-verstoffwechselt.de\/en\/wp-json\/wp\/v2\/product_tag?post=2027"}],"curies":[{"name":"wp","href":"https:\/\/api.w.org\/{rel}","templated":true}]}}