{"id":1781,"date":"2024-03-13T21:39:57","date_gmt":"2024-03-13T20:39:57","guid":{"rendered":"https:\/\/sewphire.com\/?post_type=product&#038;p=1781"},"modified":"2026-03-25T16:36:51","modified_gmt":"2026-03-25T15:36:51","slug":"osterkarten","status":"publish","type":"product","link":"https:\/\/neu-verstoffwechselt.de\/en\/product\/osterkarten\/","title":{"rendered":"Osterkarten"},"content":{"rendered":"<p>Umweltfreundliche, wieder verwendbare Gru\u00dfkarten aus Kraftpapier mit fahrradfahrendem Osterhasen im Cut-Out-Stil. Im Inneren der Karte findest du elegantes Briefpapier in Pastellt\u00f6nen (w\u00e4hle hierf\u00fcr die Variation rosa-gelb) oder beliebige einfarbige Inlays f\u00fcr deinen pers\u00f6nlichen Ostergru\u00df, zus\u00e4tzlich erh\u00e4lst du pro Karte einen passenden Briefumschlag. Der Clou: Durch das austauschbare Papier im Inneren sind sie nicht nur individuell gestaltbar &#8211; ob mit Briefpapier, Buntpapier, selbst gemalten Aquarellen,&#8230;. &#8211; sie k\u00f6nnen auch mit neuem Innenpapier immer wieder verwendet werden. Das Kraftpapier ist au\u00dferordentlich stabil und ein umweltfreundliches Recyclingprodukt.<\/p>","protected":false},"excerpt":{"rendered":"<p>Ostergru\u00dfkarte aus Kraftpapier im Cut-Out-Stil mit innenliegendem Briefpapier<\/p>","protected":false},"featured_media":1803,"comment_status":"closed","ping_status":"closed","template":"","meta":[],"product_brand":[],"product_cat":[75],"product_tag":[],"class_list":{"0":"post-1781","1":"product","2":"type-product","3":"status-publish","4":"has-post-thumbnail","6":"product_cat-grusskarten","7":"product_shipping_class-mini-light","9":"first","10":"instock","11":"featured","12":"shipping-taxable","13":"purchasable","14":"product-type-variable"},"_links":{"self":[{"href":"https:\/\/neu-verstoffwechselt.de\/en\/wp-json\/wp\/v2\/product\/1781","targetHints":{"allow":["GET"]}}],"collection":[{"href":"https:\/\/neu-verstoffwechselt.de\/en\/wp-json\/wp\/v2\/product"}],"about":[{"href":"https:\/\/neu-verstoffwechselt.de\/en\/wp-json\/wp\/v2\/types\/product"}],"replies":[{"embeddable":true,"href":"https:\/\/neu-verstoffwechselt.de\/en\/wp-json\/wp\/v2\/comments?post=1781"}],"wp:featuredmedia":[{"embeddable":true,"href":"https:\/\/neu-verstoffwechselt.de\/en\/wp-json\/wp\/v2\/media\/1803"}],"wp:attachment":[{"href":"https:\/\/neu-verstoffwechselt.de\/en\/wp-json\/wp\/v2\/media?parent=1781"}],"wp:term":[{"taxonomy":"product_brand","embeddable":true,"href":"https:\/\/neu-verstoffwechselt.de\/en\/wp-json\/wp\/v2\/product_brand?post=1781"},{"taxonomy":"product_cat","embeddable":true,"href":"https:\/\/neu-verstoffwechselt.de\/en\/wp-json\/wp\/v2\/product_cat?post=1781"},{"taxonomy":"product_tag","embeddable":true,"href":"https:\/\/neu-verstoffwechselt.de\/en\/wp-json\/wp\/v2\/product_tag?post=1781"}],"curies":[{"name":"wp","href":"https:\/\/api.w.org\/{rel}","templated":true}]}}