{"id":1767,"date":"2023-12-17T19:06:41","date_gmt":"2023-12-17T18:06:41","guid":{"rendered":"https:\/\/sewphire.com\/?post_type=product&#038;p=1767"},"modified":"2023-12-17T21:22:32","modified_gmt":"2023-12-17T20:22:32","slug":"seifennetz","status":"publish","type":"product","link":"https:\/\/neu-verstoffwechselt.de\/en\/product\/seifennetz\/","title":{"rendered":"Seifennetz"},"content":{"rendered":"<p>Du kennst das, wenn du auf Fl\u00fcssigseife und Duschgel verzichtest und feste Seife benutzt, um Plastikflaschen zu vermeiden: Am Ende bleiben kleine, flache St\u00fcckchen von der Seife \u00fcbrig, die zum Wegwerfen zu schade sind, aber auch nicht mehr so richtig gut benutzt werden k\u00f6nnen. Unsere Seifens\u00e4ckchen aus Netzstoff sind ein praktischer kleiner Helfer, um auch die letzten, kleinsten Reste noch gut verwenden zu k\u00f6nnen. Einfach rein ins selbstschlie\u00dfende Netz und mit angenehmem Peelingeffekt und gutem Gewissen H\u00e4nde und K\u00f6rper waschen. Auch gr\u00f6\u00dfere Seifenst\u00fccken bekommen durch eine H\u00fclle aus Netz eine peelende Oberfl\u00e4che und erst der Schaum&#8230; hmmm&#8230; Probier&#8217;s mal aus!<\/p>\n<p>&nbsp;<\/p>\n<p>&nbsp;<\/p>","protected":false},"excerpt":{"rendered":"<p>Schubbers\u00e4ckchen f\u00fcr Seifenreste<\/p>","protected":false},"featured_media":1768,"comment_status":"closed","ping_status":"closed","template":"","meta":[],"product_brand":[],"product_cat":[61],"product_tag":[],"class_list":{"0":"post-1767","1":"product","2":"type-product","3":"status-publish","4":"has-post-thumbnail","6":"product_cat-beauty","7":"product_shipping_class-mini-light","9":"first","10":"instock","11":"shipping-taxable","12":"purchasable","13":"product-type-simple"},"_links":{"self":[{"href":"https:\/\/neu-verstoffwechselt.de\/en\/wp-json\/wp\/v2\/product\/1767","targetHints":{"allow":["GET"]}}],"collection":[{"href":"https:\/\/neu-verstoffwechselt.de\/en\/wp-json\/wp\/v2\/product"}],"about":[{"href":"https:\/\/neu-verstoffwechselt.de\/en\/wp-json\/wp\/v2\/types\/product"}],"replies":[{"embeddable":true,"href":"https:\/\/neu-verstoffwechselt.de\/en\/wp-json\/wp\/v2\/comments?post=1767"}],"wp:featuredmedia":[{"embeddable":true,"href":"https:\/\/neu-verstoffwechselt.de\/en\/wp-json\/wp\/v2\/media\/1768"}],"wp:attachment":[{"href":"https:\/\/neu-verstoffwechselt.de\/en\/wp-json\/wp\/v2\/media?parent=1767"}],"wp:term":[{"taxonomy":"product_brand","embeddable":true,"href":"https:\/\/neu-verstoffwechselt.de\/en\/wp-json\/wp\/v2\/product_brand?post=1767"},{"taxonomy":"product_cat","embeddable":true,"href":"https:\/\/neu-verstoffwechselt.de\/en\/wp-json\/wp\/v2\/product_cat?post=1767"},{"taxonomy":"product_tag","embeddable":true,"href":"https:\/\/neu-verstoffwechselt.de\/en\/wp-json\/wp\/v2\/product_tag?post=1767"}],"curies":[{"name":"wp","href":"https:\/\/api.w.org\/{rel}","templated":true}]}}