{"id":1757,"date":"2023-12-17T18:44:27","date_gmt":"2023-12-17T17:44:27","guid":{"rendered":"https:\/\/sewphire.com\/?post_type=product&#038;p=1757"},"modified":"2026-03-22T20:34:14","modified_gmt":"2026-03-22T19:34:14","slug":"weihnachtsbaumschmuck-aus-holz","status":"publish","type":"product","link":"https:\/\/neu-verstoffwechselt.de\/en\/product\/weihnachtsbaumschmuck-aus-holz\/","title":{"rendered":"Weihnachtsbaumschmuck aus Holz"},"content":{"rendered":"<p>Christbaumschmuck aus Holz ist eine nachhaltige Alternative zu konventionellem Weihnachtsschmuck und \u00fcberzeugt mit seiner nat\u00fcrlichen Optik. Geschnitten mit einem leistungsstarken Laser in jeder gew\u00fcnschten Gr\u00f6\u00dfe hast du 255 Motive zur Auswahl. Das daf\u00fcr verwendete Material ist 3 mm dickes Pappelsperrholz, das nach dem Schnitt in Handarbeit lackiert und nachgeschliffen wird. Auch als Geschenkanh\u00e4nger ein besonderer Hingucker!<\/p>\n<p>Du m\u00f6chtest deinen Christbaumschmuck personalisieren? Kein Problem! Wir k\u00f6nnen Gravuren nach deinen pers\u00f6nlichen W\u00fcnschen gestalten. Schreib uns, was du dir vorstellst, oder ruf uns einfach an und wir machen dir schnell und unkompliziert ein individiuelles Angebot.<\/p>\n<p>Der Preis gilt f\u00fcr Anh\u00e4nger mit 10 cm Durchmesser ohne Gravur.<\/p>","protected":false},"excerpt":{"rendered":"<p>Weihnachtsschmuck aus lasergeschnittenem Holz mit oder ohne Gravur<\/p>","protected":false},"featured_media":1765,"comment_status":"closed","ping_status":"closed","template":"","meta":[],"product_brand":[],"product_cat":[72],"product_tag":[],"class_list":{"0":"post-1757","1":"product","2":"type-product","3":"status-publish","4":"has-post-thumbnail","6":"product_cat-deko-aus-holz","7":"product_shipping_class-mini-light","9":"first","10":"instock","11":"shipping-taxable","12":"purchasable","13":"product-type-simple"},"_links":{"self":[{"href":"https:\/\/neu-verstoffwechselt.de\/en\/wp-json\/wp\/v2\/product\/1757","targetHints":{"allow":["GET"]}}],"collection":[{"href":"https:\/\/neu-verstoffwechselt.de\/en\/wp-json\/wp\/v2\/product"}],"about":[{"href":"https:\/\/neu-verstoffwechselt.de\/en\/wp-json\/wp\/v2\/types\/product"}],"replies":[{"embeddable":true,"href":"https:\/\/neu-verstoffwechselt.de\/en\/wp-json\/wp\/v2\/comments?post=1757"}],"wp:featuredmedia":[{"embeddable":true,"href":"https:\/\/neu-verstoffwechselt.de\/en\/wp-json\/wp\/v2\/media\/1765"}],"wp:attachment":[{"href":"https:\/\/neu-verstoffwechselt.de\/en\/wp-json\/wp\/v2\/media?parent=1757"}],"wp:term":[{"taxonomy":"product_brand","embeddable":true,"href":"https:\/\/neu-verstoffwechselt.de\/en\/wp-json\/wp\/v2\/product_brand?post=1757"},{"taxonomy":"product_cat","embeddable":true,"href":"https:\/\/neu-verstoffwechselt.de\/en\/wp-json\/wp\/v2\/product_cat?post=1757"},{"taxonomy":"product_tag","embeddable":true,"href":"https:\/\/neu-verstoffwechselt.de\/en\/wp-json\/wp\/v2\/product_tag?post=1757"}],"curies":[{"name":"wp","href":"https:\/\/api.w.org\/{rel}","templated":true}]}}