{"id":1753,"date":"2023-12-17T17:36:02","date_gmt":"2023-12-17T16:36:02","guid":{"rendered":"https:\/\/sewphire.com\/?post_type=product&#038;p=1753"},"modified":"2023-12-17T21:22:32","modified_gmt":"2023-12-17T20:22:32","slug":"untersetzer-aus-filz","status":"publish","type":"product","link":"https:\/\/neu-verstoffwechselt.de\/en\/product\/untersetzer-aus-filz\/","title":{"rendered":"Untersetzer aus Filz"},"content":{"rendered":"<p>Wieder ein Kaffeerand auf dem sch\u00f6nen neuen Holztisch? Das ist ab jetzt vorbei! Mit diesen unauff\u00e4lligen Untersetzern aus Filz sch\u00fctzt du empfindliche Oberfl\u00e4chen vor hei\u00dfen Tassen, nassen Gl\u00e4sern und kratzigen Flaschenb\u00f6den. Filz ist dichtes Gewebe, das Feuchtigkeit aufnehmen kann und zuverl\u00e4ssig Kratzspuren verhindert.<\/p>\n<p>Beim Kauf von Untersetzer mit dem eingravierten Logo des Naturpark Bernichenberg gehen pro Untersetzer 50 Cent als Spende an das Projekt.<\/p>\n<p>Gern erstellen wir Untersetzer mit deinem Wunschmotiv, schreib uns einfach eine Mail oder ruf uns an!<\/p>","protected":false},"excerpt":{"rendered":"<p>Zuverl\u00e4ssiger Schutz f\u00fcr empfindliche Oberfl\u00e4chen<\/p>","protected":false},"featured_media":1755,"comment_status":"closed","ping_status":"closed","template":"","meta":[],"product_brand":[],"product_cat":[62],"product_tag":[71,69,70,68],"class_list":{"0":"post-1753","1":"product","2":"type-product","3":"status-publish","4":"has-post-thumbnail","6":"product_cat-merchandise","7":"product_tag-bernichen","8":"product_tag-coaster","9":"product_tag-filz","10":"product_tag-untersetzer","11":"product_shipping_class-mini-light","13":"first","14":"instock","15":"shipping-taxable","16":"purchasable","17":"product-type-simple"},"_links":{"self":[{"href":"https:\/\/neu-verstoffwechselt.de\/en\/wp-json\/wp\/v2\/product\/1753","targetHints":{"allow":["GET"]}}],"collection":[{"href":"https:\/\/neu-verstoffwechselt.de\/en\/wp-json\/wp\/v2\/product"}],"about":[{"href":"https:\/\/neu-verstoffwechselt.de\/en\/wp-json\/wp\/v2\/types\/product"}],"replies":[{"embeddable":true,"href":"https:\/\/neu-verstoffwechselt.de\/en\/wp-json\/wp\/v2\/comments?post=1753"}],"wp:featuredmedia":[{"embeddable":true,"href":"https:\/\/neu-verstoffwechselt.de\/en\/wp-json\/wp\/v2\/media\/1755"}],"wp:attachment":[{"href":"https:\/\/neu-verstoffwechselt.de\/en\/wp-json\/wp\/v2\/media?parent=1753"}],"wp:term":[{"taxonomy":"product_brand","embeddable":true,"href":"https:\/\/neu-verstoffwechselt.de\/en\/wp-json\/wp\/v2\/product_brand?post=1753"},{"taxonomy":"product_cat","embeddable":true,"href":"https:\/\/neu-verstoffwechselt.de\/en\/wp-json\/wp\/v2\/product_cat?post=1753"},{"taxonomy":"product_tag","embeddable":true,"href":"https:\/\/neu-verstoffwechselt.de\/en\/wp-json\/wp\/v2\/product_tag?post=1753"}],"curies":[{"name":"wp","href":"https:\/\/api.w.org\/{rel}","templated":true}]}}