{"id":1752,"date":"2023-12-17T17:04:46","date_gmt":"2023-12-17T16:04:46","guid":{"rendered":"https:\/\/sewphire.com\/?post_type=product&#038;p=1752"},"modified":"2023-12-17T17:17:51","modified_gmt":"2023-12-17T16:17:51","slug":"einkaufstasche-aus-retro-baumwolle","status":"publish","type":"product","link":"https:\/\/neu-verstoffwechselt.de\/en\/product\/einkaufstasche-aus-retro-baumwolle\/","title":{"rendered":"Einkaufstasche aus Retro-Baumwolle"},"content":{"rendered":"<p>Diese Tasche ist ein echtes Original. Angefertigt wurde sie in liebevoller Handarbeit aus einer Tischdecke der 70er Jahre. Durch die praktische L\u00e4nge der Tragegriffe l\u00e4sst sich die Tasche einfach an der Hand und \u00fcber der Schulter tragen &#8211; ganz wie du magst. Das Material ist stabile Baumwolle, der Boden wurde zus\u00e4tzlich verst\u00e4rkt. Eine Tasche ganz ohne Schnickschnack, die zusammengefaltet in jede Jackentasche passt und enmal herausgeholt garantiert alle Blicke auf sich ziehen wird.<\/p>\n<p>&nbsp;<\/p>","protected":false},"excerpt":{"rendered":"<p>Ger\u00e4umige Einkaufstasche aus recyceltem Retro-Stoff<\/p>","protected":false},"featured_media":1730,"comment_status":"closed","ping_status":"closed","template":"","meta":[],"product_brand":[],"product_cat":[62],"product_tag":[67,57,65,66],"class_list":{"0":"post-1752","1":"product","2":"type-product","3":"status-publish","4":"has-post-thumbnail","6":"product_cat-merchandise","7":"product_tag-beutel","8":"product_tag-nachhaltig","9":"product_tag-retro","10":"product_tag-tasche","12":"first","13":"instock","14":"shipping-taxable","15":"purchasable","16":"product-type-simple"},"_links":{"self":[{"href":"https:\/\/neu-verstoffwechselt.de\/en\/wp-json\/wp\/v2\/product\/1752","targetHints":{"allow":["GET"]}}],"collection":[{"href":"https:\/\/neu-verstoffwechselt.de\/en\/wp-json\/wp\/v2\/product"}],"about":[{"href":"https:\/\/neu-verstoffwechselt.de\/en\/wp-json\/wp\/v2\/types\/product"}],"replies":[{"embeddable":true,"href":"https:\/\/neu-verstoffwechselt.de\/en\/wp-json\/wp\/v2\/comments?post=1752"}],"wp:featuredmedia":[{"embeddable":true,"href":"https:\/\/neu-verstoffwechselt.de\/en\/wp-json\/wp\/v2\/media\/1730"}],"wp:attachment":[{"href":"https:\/\/neu-verstoffwechselt.de\/en\/wp-json\/wp\/v2\/media?parent=1752"}],"wp:term":[{"taxonomy":"product_brand","embeddable":true,"href":"https:\/\/neu-verstoffwechselt.de\/en\/wp-json\/wp\/v2\/product_brand?post=1752"},{"taxonomy":"product_cat","embeddable":true,"href":"https:\/\/neu-verstoffwechselt.de\/en\/wp-json\/wp\/v2\/product_cat?post=1752"},{"taxonomy":"product_tag","embeddable":true,"href":"https:\/\/neu-verstoffwechselt.de\/en\/wp-json\/wp\/v2\/product_tag?post=1752"}],"curies":[{"name":"wp","href":"https:\/\/api.w.org\/{rel}","templated":true}]}}