{"id":1750,"date":"2023-12-17T16:49:32","date_gmt":"2023-12-17T15:49:32","guid":{"rendered":"https:\/\/sewphire.com\/?post_type=product&#038;p=1750"},"modified":"2026-03-22T20:35:41","modified_gmt":"2026-03-22T19:35:41","slug":"einkaufstasche-aus-baumwolle","status":"publish","type":"product","link":"https:\/\/neu-verstoffwechselt.de\/en\/product\/einkaufstasche-aus-baumwolle\/","title":{"rendered":"Einkaufstasche aus Baumwolle"},"content":{"rendered":"<p>Mit dieser ger\u00e4umigen Tasche macht jeder Einkauf gute Laune. Sie wurde in liebevoller Handarbeit angefertigt aus Baumwolle im fr\u00f6hlichen Blumenmuster. Dein Handy und Geldbeutel k\u00f6nnen in der praktischen Innentasche sicher verstaut werden und durch die verl\u00e4ngerten Tragegriffe l\u00e4sst sich die Tasche einfach \u00fcber der Schulter tragen. Das Material ist besonders stabil, der Boden wurde zus\u00e4tzlich mit recycelter Jeans verst\u00e4rkt. Die Tasche kann bei bis zu 60 Grad Celsius gewaschen werden. Das Label besteht aus veganem Leder und zeigt allen deine Unterst\u00fctzung des Projekts Naturpark Bernichenberg.<\/p>\n<p>&nbsp;<\/p>","protected":false},"excerpt":{"rendered":"<p>Ger\u00e4umige Einkaufstasche aus recycelten Stoffen<\/p>","protected":false},"featured_media":1725,"comment_status":"closed","ping_status":"closed","template":"","meta":[],"product_brand":[],"product_cat":[62],"product_tag":[],"class_list":{"0":"post-1750","1":"product","2":"type-product","3":"status-publish","4":"has-post-thumbnail","6":"product_cat-merchandise","8":"first","9":"outofstock","10":"shipping-taxable","11":"purchasable","12":"product-type-simple"},"_links":{"self":[{"href":"https:\/\/neu-verstoffwechselt.de\/en\/wp-json\/wp\/v2\/product\/1750","targetHints":{"allow":["GET"]}}],"collection":[{"href":"https:\/\/neu-verstoffwechselt.de\/en\/wp-json\/wp\/v2\/product"}],"about":[{"href":"https:\/\/neu-verstoffwechselt.de\/en\/wp-json\/wp\/v2\/types\/product"}],"replies":[{"embeddable":true,"href":"https:\/\/neu-verstoffwechselt.de\/en\/wp-json\/wp\/v2\/comments?post=1750"}],"wp:featuredmedia":[{"embeddable":true,"href":"https:\/\/neu-verstoffwechselt.de\/en\/wp-json\/wp\/v2\/media\/1725"}],"wp:attachment":[{"href":"https:\/\/neu-verstoffwechselt.de\/en\/wp-json\/wp\/v2\/media?parent=1750"}],"wp:term":[{"taxonomy":"product_brand","embeddable":true,"href":"https:\/\/neu-verstoffwechselt.de\/en\/wp-json\/wp\/v2\/product_brand?post=1750"},{"taxonomy":"product_cat","embeddable":true,"href":"https:\/\/neu-verstoffwechselt.de\/en\/wp-json\/wp\/v2\/product_cat?post=1750"},{"taxonomy":"product_tag","embeddable":true,"href":"https:\/\/neu-verstoffwechselt.de\/en\/wp-json\/wp\/v2\/product_tag?post=1750"}],"curies":[{"name":"wp","href":"https:\/\/api.w.org\/{rel}","templated":true}]}}