{"id":1746,"date":"2023-12-17T16:18:12","date_gmt":"2023-12-17T15:18:12","guid":{"rendered":"https:\/\/sewphire.com\/?post_type=product&#038;p=1746"},"modified":"2026-03-22T20:36:08","modified_gmt":"2026-03-22T19:36:08","slug":"einkaufstasche-aus-jute","status":"publish","type":"product","link":"https:\/\/neu-verstoffwechselt.de\/en\/product\/einkaufstasche-aus-jute\/","title":{"rendered":"Einkaufstasche aus Jute"},"content":{"rendered":"<p>Mit dieser nachhaltigen Tasche aus echter Jute bringst du deinen Einkauf luftig locker nach hause. Jute ist eine Naturfaser, die besonders rei\u00dffest und dabei flexibel ist. In der praktischen Au\u00dfentasche k\u00f6nnen Kleinigkeiten sicher verstaut werden und die verst\u00e4rkten Tragegriffe halten auch schwere Beladung aus. Das Label besteht aus veganem Leder und zeigt allen deine Unterst\u00fctzung des Projekts Naturpark Bernichenberg.<\/p>\n<p>&nbsp;<\/p>","protected":false},"excerpt":{"rendered":"<p>Ger\u00e4umige Einkaufstasche aus echter Jute<\/p>","protected":false},"featured_media":1749,"comment_status":"closed","ping_status":"closed","template":"","meta":[],"product_brand":[],"product_cat":[62],"product_tag":[64,63,57,58],"class_list":{"0":"post-1746","1":"product","2":"type-product","3":"status-publish","4":"has-post-thumbnail","6":"product_cat-merchandise","7":"product_tag-einkaufstasche","8":"product_tag-jute","9":"product_tag-nachhaltig","10":"product_tag-zero-waste","12":"first","13":"outofstock","14":"shipping-taxable","15":"purchasable","16":"product-type-simple"},"_links":{"self":[{"href":"https:\/\/neu-verstoffwechselt.de\/en\/wp-json\/wp\/v2\/product\/1746","targetHints":{"allow":["GET"]}}],"collection":[{"href":"https:\/\/neu-verstoffwechselt.de\/en\/wp-json\/wp\/v2\/product"}],"about":[{"href":"https:\/\/neu-verstoffwechselt.de\/en\/wp-json\/wp\/v2\/types\/product"}],"replies":[{"embeddable":true,"href":"https:\/\/neu-verstoffwechselt.de\/en\/wp-json\/wp\/v2\/comments?post=1746"}],"wp:featuredmedia":[{"embeddable":true,"href":"https:\/\/neu-verstoffwechselt.de\/en\/wp-json\/wp\/v2\/media\/1749"}],"wp:attachment":[{"href":"https:\/\/neu-verstoffwechselt.de\/en\/wp-json\/wp\/v2\/media?parent=1746"}],"wp:term":[{"taxonomy":"product_brand","embeddable":true,"href":"https:\/\/neu-verstoffwechselt.de\/en\/wp-json\/wp\/v2\/product_brand?post=1746"},{"taxonomy":"product_cat","embeddable":true,"href":"https:\/\/neu-verstoffwechselt.de\/en\/wp-json\/wp\/v2\/product_cat?post=1746"},{"taxonomy":"product_tag","embeddable":true,"href":"https:\/\/neu-verstoffwechselt.de\/en\/wp-json\/wp\/v2\/product_tag?post=1746"}],"curies":[{"name":"wp","href":"https:\/\/api.w.org\/{rel}","templated":true}]}}