{"id":1724,"date":"2023-12-17T15:58:16","date_gmt":"2023-12-17T14:58:16","guid":{"rendered":"https:\/\/sewphire.com\/?post_type=product&#038;p=1724"},"modified":"2026-03-22T20:36:38","modified_gmt":"2026-03-22T19:36:38","slug":"einkaufstasche-aus-jeans","status":"publish","type":"product","link":"https:\/\/neu-verstoffwechselt.de\/en\/product\/einkaufstasche-aus-jeans\/","title":{"rendered":"Einkaufstasche aus Jeans"},"content":{"rendered":"<p>Mit dieser ger\u00e4umigen Tasche wird jeder Einkauf zum Hingucker. Sie wurde in liebevoller Handarbeit angefertigt aus recycelten Jeans und ist somit ein aktiver Beitrag zur Schonung unserer verf\u00fcgbaren Ressourcen. Dein Handy und Geldbeutel k\u00f6nnen in der praktischen Innentasche sicher verstaut werden und durch die verl\u00e4ngerten Tragegriffe l\u00e4sst sich die Tasche einfach \u00fcber die Schulter h\u00e4ngen. Das farblich passende Innenfutter aus recycelter Baumwolle macht die Tasche zu einem langlebigen Begleiter, der bei bis zu 60 Grad Celsius gewaschen werden kann. Das Label besteht aus veganem Leder und zeigt allen deine Unterst\u00fctzung des Projekts Naturpark Bernichenberg.<\/p>\n<p>&nbsp;<\/p>","protected":false},"excerpt":{"rendered":"<p>Ger\u00e4umige Einkaufstasche aus recycelten Stoffen<\/p>","protected":false},"featured_media":1742,"comment_status":"closed","ping_status":"closed","template":"","meta":[],"product_brand":[],"product_cat":[62],"product_tag":[],"class_list":{"0":"post-1724","1":"product","2":"type-product","3":"status-publish","4":"has-post-thumbnail","6":"product_cat-merchandise","8":"first","9":"outofstock","10":"shipping-taxable","11":"purchasable","12":"product-type-simple"},"_links":{"self":[{"href":"https:\/\/neu-verstoffwechselt.de\/en\/wp-json\/wp\/v2\/product\/1724","targetHints":{"allow":["GET"]}}],"collection":[{"href":"https:\/\/neu-verstoffwechselt.de\/en\/wp-json\/wp\/v2\/product"}],"about":[{"href":"https:\/\/neu-verstoffwechselt.de\/en\/wp-json\/wp\/v2\/types\/product"}],"replies":[{"embeddable":true,"href":"https:\/\/neu-verstoffwechselt.de\/en\/wp-json\/wp\/v2\/comments?post=1724"}],"wp:featuredmedia":[{"embeddable":true,"href":"https:\/\/neu-verstoffwechselt.de\/en\/wp-json\/wp\/v2\/media\/1742"}],"wp:attachment":[{"href":"https:\/\/neu-verstoffwechselt.de\/en\/wp-json\/wp\/v2\/media?parent=1724"}],"wp:term":[{"taxonomy":"product_brand","embeddable":true,"href":"https:\/\/neu-verstoffwechselt.de\/en\/wp-json\/wp\/v2\/product_brand?post=1724"},{"taxonomy":"product_cat","embeddable":true,"href":"https:\/\/neu-verstoffwechselt.de\/en\/wp-json\/wp\/v2\/product_cat?post=1724"},{"taxonomy":"product_tag","embeddable":true,"href":"https:\/\/neu-verstoffwechselt.de\/en\/wp-json\/wp\/v2\/product_tag?post=1724"}],"curies":[{"name":"wp","href":"https:\/\/api.w.org\/{rel}","templated":true}]}}