{"id":1709,"date":"2023-10-28T21:10:45","date_gmt":"2023-10-28T19:10:45","guid":{"rendered":"https:\/\/sewphire.com\/?post_type=product&#038;p=1709"},"modified":"2026-03-22T20:37:41","modified_gmt":"2026-03-22T19:37:41","slug":"tape-pouch","status":"publish","type":"product","link":"https:\/\/neu-verstoffwechselt.de\/en\/product\/tape-pouch\/","title":{"rendered":"Tape Pouch"},"content":{"rendered":"<p>Diese Minigeldb\u00f6rse in original Kassettengr\u00f6\u00dfe ist ein echter Hingucker und ein absolutes Unikat. Handgefertigt mit viel Liebe zum Detail ist sie das ideale Geschenk f\u00fcr alle, die noch wissen, wie man mit einem Bleistift das Lieblingstape retten kann<\/p>","protected":false},"excerpt":{"rendered":"<p>Diese Minigeldb\u00f6rse in original Kassettengr\u00f6\u00dfe ist ein echter Hingucker und ein absolutes Unikat.<\/p>","protected":false},"featured_media":1711,"comment_status":"closed","ping_status":"closed","template":"","meta":[],"product_brand":[],"product_cat":[34],"product_tag":[],"class_list":{"0":"post-1709","1":"product","2":"type-product","3":"status-publish","4":"has-post-thumbnail","6":"product_cat-accessories","7":"product_shipping_class-mini-light","9":"first","10":"outofstock","11":"shipping-taxable","12":"purchasable","13":"product-type-simple"},"_links":{"self":[{"href":"https:\/\/neu-verstoffwechselt.de\/en\/wp-json\/wp\/v2\/product\/1709","targetHints":{"allow":["GET"]}}],"collection":[{"href":"https:\/\/neu-verstoffwechselt.de\/en\/wp-json\/wp\/v2\/product"}],"about":[{"href":"https:\/\/neu-verstoffwechselt.de\/en\/wp-json\/wp\/v2\/types\/product"}],"replies":[{"embeddable":true,"href":"https:\/\/neu-verstoffwechselt.de\/en\/wp-json\/wp\/v2\/comments?post=1709"}],"wp:featuredmedia":[{"embeddable":true,"href":"https:\/\/neu-verstoffwechselt.de\/en\/wp-json\/wp\/v2\/media\/1711"}],"wp:attachment":[{"href":"https:\/\/neu-verstoffwechselt.de\/en\/wp-json\/wp\/v2\/media?parent=1709"}],"wp:term":[{"taxonomy":"product_brand","embeddable":true,"href":"https:\/\/neu-verstoffwechselt.de\/en\/wp-json\/wp\/v2\/product_brand?post=1709"},{"taxonomy":"product_cat","embeddable":true,"href":"https:\/\/neu-verstoffwechselt.de\/en\/wp-json\/wp\/v2\/product_cat?post=1709"},{"taxonomy":"product_tag","embeddable":true,"href":"https:\/\/neu-verstoffwechselt.de\/en\/wp-json\/wp\/v2\/product_tag?post=1709"}],"curies":[{"name":"wp","href":"https:\/\/api.w.org\/{rel}","templated":true}]}}