{"id":1657,"date":"2023-03-23T13:27:34","date_gmt":"2023-03-23T12:27:34","guid":{"rendered":"https:\/\/sewphire.com\/?post_type=product&#038;p=1657"},"modified":"2026-03-22T20:37:58","modified_gmt":"2026-03-22T19:37:58","slug":"federmaeppchen-gruen","status":"publish","type":"product","link":"https:\/\/neu-verstoffwechselt.de\/en\/product\/federmaeppchen-gruen\/","title":{"rendered":"Federm\u00e4ppchen gr\u00fcn"},"content":{"rendered":"<p>Mit diesem praktischen T\u00e4schchen hast du Kleinkram immer beisammen. Ob als Kosmetikt\u00e4schchen, Federtasche, Portmonee oder Handyh\u00fclle, es passt in jede Handtasche.<\/p>\n<p>Breite x H\u00f6he: 20 cm x 10,5 cm<\/p>\n<p>Jedes T\u00e4schchen ist ein Einzelst\u00fcck und kann auch nach deinen pers\u00f6nlichen W\u00fcnschen gestaltet werden &#8211; schreib mir gern eine Mail!<\/p>","protected":false},"excerpt":{"rendered":"<p>Das schlanke M\u00e4ppchen f\u00fcr unterwegs<\/p>","protected":false},"featured_media":1645,"comment_status":"closed","ping_status":"closed","template":"","meta":[],"product_brand":[],"product_cat":[34],"product_tag":[],"class_list":{"0":"post-1657","1":"product","2":"type-product","3":"status-publish","4":"has-post-thumbnail","6":"product_cat-accessories","7":"product_shipping_class-mini-light","9":"first","10":"outofstock","11":"shipping-taxable","12":"purchasable","13":"product-type-simple"},"_links":{"self":[{"href":"https:\/\/neu-verstoffwechselt.de\/en\/wp-json\/wp\/v2\/product\/1657","targetHints":{"allow":["GET"]}}],"collection":[{"href":"https:\/\/neu-verstoffwechselt.de\/en\/wp-json\/wp\/v2\/product"}],"about":[{"href":"https:\/\/neu-verstoffwechselt.de\/en\/wp-json\/wp\/v2\/types\/product"}],"replies":[{"embeddable":true,"href":"https:\/\/neu-verstoffwechselt.de\/en\/wp-json\/wp\/v2\/comments?post=1657"}],"wp:featuredmedia":[{"embeddable":true,"href":"https:\/\/neu-verstoffwechselt.de\/en\/wp-json\/wp\/v2\/media\/1645"}],"wp:attachment":[{"href":"https:\/\/neu-verstoffwechselt.de\/en\/wp-json\/wp\/v2\/media?parent=1657"}],"wp:term":[{"taxonomy":"product_brand","embeddable":true,"href":"https:\/\/neu-verstoffwechselt.de\/en\/wp-json\/wp\/v2\/product_brand?post=1657"},{"taxonomy":"product_cat","embeddable":true,"href":"https:\/\/neu-verstoffwechselt.de\/en\/wp-json\/wp\/v2\/product_cat?post=1657"},{"taxonomy":"product_tag","embeddable":true,"href":"https:\/\/neu-verstoffwechselt.de\/en\/wp-json\/wp\/v2\/product_tag?post=1657"}],"curies":[{"name":"wp","href":"https:\/\/api.w.org\/{rel}","templated":true}]}}