{"id":1654,"date":"2023-03-23T13:22:06","date_gmt":"2023-03-23T12:22:06","guid":{"rendered":"https:\/\/sewphire.com\/?post_type=product&#038;p=1654"},"modified":"2026-03-22T20:38:57","modified_gmt":"2026-03-22T19:38:57","slug":"sardinenbuechse","status":"publish","type":"product","link":"https:\/\/neu-verstoffwechselt.de\/en\/product\/sardinenbuechse\/","title":{"rendered":"Sardinenb\u00fcchse"},"content":{"rendered":"<p>Diese kleine Tasche ist so langlebig wie eine Dose Fisch. Hier haben eine abgelegte Jeans und ein blumiges St\u00fcck Stoff ein zweites Leben bekommen und sind bereit, dich durch dick und d\u00fcnn zu begleiten. Die Tasche ist so gro\u00df wie eine handels\u00fcbliche Fischkonserve.<\/p>\n<p>Gestalte deine pers\u00f6nliche Fischdosentasche mit mir und schreib mir von deinen Farb- und Motivw\u00fcnschen.<\/p>\n<p>&nbsp;<\/p>","protected":false},"excerpt":{"rendered":"<p>Lass deine Moneten nicht ausb\u00fcchsen<\/p>","protected":false},"featured_media":1648,"comment_status":"closed","ping_status":"closed","template":"","meta":[],"product_brand":[],"product_cat":[34],"product_tag":[],"class_list":{"0":"post-1654","1":"product","2":"type-product","3":"status-publish","4":"has-post-thumbnail","6":"product_cat-accessories","7":"product_shipping_class-mini-light","9":"first","10":"outofstock","11":"shipping-taxable","12":"purchasable","13":"product-type-simple"},"_links":{"self":[{"href":"https:\/\/neu-verstoffwechselt.de\/en\/wp-json\/wp\/v2\/product\/1654","targetHints":{"allow":["GET"]}}],"collection":[{"href":"https:\/\/neu-verstoffwechselt.de\/en\/wp-json\/wp\/v2\/product"}],"about":[{"href":"https:\/\/neu-verstoffwechselt.de\/en\/wp-json\/wp\/v2\/types\/product"}],"replies":[{"embeddable":true,"href":"https:\/\/neu-verstoffwechselt.de\/en\/wp-json\/wp\/v2\/comments?post=1654"}],"wp:featuredmedia":[{"embeddable":true,"href":"https:\/\/neu-verstoffwechselt.de\/en\/wp-json\/wp\/v2\/media\/1648"}],"wp:attachment":[{"href":"https:\/\/neu-verstoffwechselt.de\/en\/wp-json\/wp\/v2\/media?parent=1654"}],"wp:term":[{"taxonomy":"product_brand","embeddable":true,"href":"https:\/\/neu-verstoffwechselt.de\/en\/wp-json\/wp\/v2\/product_brand?post=1654"},{"taxonomy":"product_cat","embeddable":true,"href":"https:\/\/neu-verstoffwechselt.de\/en\/wp-json\/wp\/v2\/product_cat?post=1654"},{"taxonomy":"product_tag","embeddable":true,"href":"https:\/\/neu-verstoffwechselt.de\/en\/wp-json\/wp\/v2\/product_tag?post=1654"}],"curies":[{"name":"wp","href":"https:\/\/api.w.org\/{rel}","templated":true}]}}