{"id":1634,"date":"2023-03-23T13:10:25","date_gmt":"2023-03-23T12:10:25","guid":{"rendered":"https:\/\/sewphire.com\/?post_type=product&#038;p=1634"},"modified":"2026-03-22T20:40:19","modified_gmt":"2026-03-22T19:40:19","slug":"kosmetiktasche-airmail","status":"publish","type":"product","link":"https:\/\/neu-verstoffwechselt.de\/en\/product\/kosmetiktasche-airmail\/","title":{"rendered":"Kosmetiktasche Airmail"},"content":{"rendered":"<p>Dieser Brief ist nur f\u00fcr dich. Ein Ort f\u00fcr deine kleinen pers\u00f6nlichen Dinge mit einer Prise Romantik und Fernweh. Welche Farben sollen die Briefmarken und der Rei\u00dfverschluss haben? Magst du es stilistisch lieber antik oder modern? Bestell dir deine ganz eigene Wunschtasche. Auch als pers\u00f6nliches Geschenk ist deine individuelle Brief-Tasche nur eine Mail entfernt, schreib mir und freu dich auf ein absolutes Einzelst\u00fcck.<\/p>\n<p>&nbsp;<\/p>\n<p>&nbsp;<\/p>\n<p>&nbsp;<\/p>","protected":false},"excerpt":{"rendered":"<p>Liebesgr\u00fc\u00dfe aus \u00dcbersee<\/p>","protected":false},"featured_media":1676,"comment_status":"closed","ping_status":"closed","template":"","meta":[],"product_brand":[],"product_cat":[34],"product_tag":[],"class_list":{"0":"post-1634","1":"product","2":"type-product","3":"status-publish","4":"has-post-thumbnail","6":"product_cat-accessories","7":"product_shipping_class-mini-light","9":"first","10":"instock","11":"shipping-taxable","12":"purchasable","13":"product-type-simple"},"_links":{"self":[{"href":"https:\/\/neu-verstoffwechselt.de\/en\/wp-json\/wp\/v2\/product\/1634","targetHints":{"allow":["GET"]}}],"collection":[{"href":"https:\/\/neu-verstoffwechselt.de\/en\/wp-json\/wp\/v2\/product"}],"about":[{"href":"https:\/\/neu-verstoffwechselt.de\/en\/wp-json\/wp\/v2\/types\/product"}],"replies":[{"embeddable":true,"href":"https:\/\/neu-verstoffwechselt.de\/en\/wp-json\/wp\/v2\/comments?post=1634"}],"wp:featuredmedia":[{"embeddable":true,"href":"https:\/\/neu-verstoffwechselt.de\/en\/wp-json\/wp\/v2\/media\/1676"}],"wp:attachment":[{"href":"https:\/\/neu-verstoffwechselt.de\/en\/wp-json\/wp\/v2\/media?parent=1634"}],"wp:term":[{"taxonomy":"product_brand","embeddable":true,"href":"https:\/\/neu-verstoffwechselt.de\/en\/wp-json\/wp\/v2\/product_brand?post=1634"},{"taxonomy":"product_cat","embeddable":true,"href":"https:\/\/neu-verstoffwechselt.de\/en\/wp-json\/wp\/v2\/product_cat?post=1634"},{"taxonomy":"product_tag","embeddable":true,"href":"https:\/\/neu-verstoffwechselt.de\/en\/wp-json\/wp\/v2\/product_tag?post=1634"}],"curies":[{"name":"wp","href":"https:\/\/api.w.org\/{rel}","templated":true}]}}