{"id":1631,"date":"2023-03-23T12:44:24","date_gmt":"2023-03-23T11:44:24","guid":{"rendered":"https:\/\/sewphire.com\/?post_type=product&#038;p=1631"},"modified":"2026-03-22T20:38:57","modified_gmt":"2026-03-22T19:38:57","slug":"federtasche-ballerina","status":"publish","type":"product","link":"https:\/\/neu-verstoffwechselt.de\/en\/product\/federtasche-ballerina\/","title":{"rendered":"Federtasche Ballerina"},"content":{"rendered":"<p>Diese handliche Tasche ist ein echter Hingucker. Form und Gr\u00f6\u00dfe sind die eines Damenschuhs. Mit dem praktischen Rei\u00dfverschluss l\u00e4sst sie sich sicher verschlie\u00dfen. F\u00fcr deine Stifte, Kosmetikartikel oder andere Kleinigkeiten ist sie ideal und stets eine elegante Begleiterin.<\/p>\n<p>Hast du einen Farbwunsch? H\u00e4ttest du statt der Schleife lieber ein Spitzenband? Ich fertige deine pers\u00f6nliche Tasche gern nach Wunsch an, auch als Geschenk. Schreib mir einfach eine Mail!<\/p>","protected":false},"excerpt":{"rendered":"<p>Originelles Federm\u00e4ppchen<\/p>","protected":false},"featured_media":1632,"comment_status":"closed","ping_status":"closed","template":"","meta":[],"product_brand":[],"product_cat":[34],"product_tag":[],"class_list":{"0":"post-1631","1":"product","2":"type-product","3":"status-publish","4":"has-post-thumbnail","6":"product_cat-accessories","7":"product_shipping_class-mini-light","9":"first","10":"outofstock","11":"shipping-taxable","12":"purchasable","13":"product-type-simple"},"_links":{"self":[{"href":"https:\/\/neu-verstoffwechselt.de\/en\/wp-json\/wp\/v2\/product\/1631","targetHints":{"allow":["GET"]}}],"collection":[{"href":"https:\/\/neu-verstoffwechselt.de\/en\/wp-json\/wp\/v2\/product"}],"about":[{"href":"https:\/\/neu-verstoffwechselt.de\/en\/wp-json\/wp\/v2\/types\/product"}],"replies":[{"embeddable":true,"href":"https:\/\/neu-verstoffwechselt.de\/en\/wp-json\/wp\/v2\/comments?post=1631"}],"wp:featuredmedia":[{"embeddable":true,"href":"https:\/\/neu-verstoffwechselt.de\/en\/wp-json\/wp\/v2\/media\/1632"}],"wp:attachment":[{"href":"https:\/\/neu-verstoffwechselt.de\/en\/wp-json\/wp\/v2\/media?parent=1631"}],"wp:term":[{"taxonomy":"product_brand","embeddable":true,"href":"https:\/\/neu-verstoffwechselt.de\/en\/wp-json\/wp\/v2\/product_brand?post=1631"},{"taxonomy":"product_cat","embeddable":true,"href":"https:\/\/neu-verstoffwechselt.de\/en\/wp-json\/wp\/v2\/product_cat?post=1631"},{"taxonomy":"product_tag","embeddable":true,"href":"https:\/\/neu-verstoffwechselt.de\/en\/wp-json\/wp\/v2\/product_tag?post=1631"}],"curies":[{"name":"wp","href":"https:\/\/api.w.org\/{rel}","templated":true}]}}