{"id":1525,"date":"2022-12-21T21:01:16","date_gmt":"2022-12-21T20:01:16","guid":{"rendered":"https:\/\/sewphire.com\/?post_type=product&#038;p=1525"},"modified":"2025-11-19T05:16:47","modified_gmt":"2025-11-19T04:16:47","slug":"moehren-tasche","status":"publish","type":"product","link":"https:\/\/neu-verstoffwechselt.de\/en\/product\/moehren-tasche\/","title":{"rendered":"M\u00f6hren-Tasche"},"content":{"rendered":"<p>Eine Tasche mit Wiedererkennungswert. Die originelle Art, Stifte oder anderen Kleinkram beisammen zu halten.<\/p>\n<p>Du h\u00e4ttest lieber ein anderes Gem\u00fcse? Oder eine andere Form? Schreib mir deine Iee und ich n\u00e4h es f\u00fcr dich &#8211; als\u00a0 \u00edndividuelles Einzelst\u00fcck.<\/p>\n<p>&nbsp;<\/p>\n<p>&nbsp;<\/p>","protected":false},"excerpt":{"rendered":"<p>Die originelle Art, Stifte zu verstauen.<\/p>","protected":false},"featured_media":1530,"comment_status":"open","ping_status":"closed","template":"","meta":[],"product_brand":[],"product_cat":[34],"product_tag":[],"class_list":{"0":"post-1525","1":"product","2":"type-product","3":"status-publish","4":"has-post-thumbnail","6":"product_cat-accessories","7":"product_shipping_class-mini-light","9":"first","10":"outofstock","11":"shipping-taxable","12":"purchasable","13":"product-type-simple"},"_links":{"self":[{"href":"https:\/\/neu-verstoffwechselt.de\/en\/wp-json\/wp\/v2\/product\/1525","targetHints":{"allow":["GET"]}}],"collection":[{"href":"https:\/\/neu-verstoffwechselt.de\/en\/wp-json\/wp\/v2\/product"}],"about":[{"href":"https:\/\/neu-verstoffwechselt.de\/en\/wp-json\/wp\/v2\/types\/product"}],"replies":[{"embeddable":true,"href":"https:\/\/neu-verstoffwechselt.de\/en\/wp-json\/wp\/v2\/comments?post=1525"}],"wp:featuredmedia":[{"embeddable":true,"href":"https:\/\/neu-verstoffwechselt.de\/en\/wp-json\/wp\/v2\/media\/1530"}],"wp:attachment":[{"href":"https:\/\/neu-verstoffwechselt.de\/en\/wp-json\/wp\/v2\/media?parent=1525"}],"wp:term":[{"taxonomy":"product_brand","embeddable":true,"href":"https:\/\/neu-verstoffwechselt.de\/en\/wp-json\/wp\/v2\/product_brand?post=1525"},{"taxonomy":"product_cat","embeddable":true,"href":"https:\/\/neu-verstoffwechselt.de\/en\/wp-json\/wp\/v2\/product_cat?post=1525"},{"taxonomy":"product_tag","embeddable":true,"href":"https:\/\/neu-verstoffwechselt.de\/en\/wp-json\/wp\/v2\/product_tag?post=1525"}],"curies":[{"name":"wp","href":"https:\/\/api.w.org\/{rel}","templated":true}]}}