{"id":1418,"date":"2022-12-19T21:51:40","date_gmt":"2022-12-19T20:51:40","guid":{"rendered":"https:\/\/sewphire.com\/?post_type=product&#038;p=1418"},"modified":"2026-03-22T20:41:23","modified_gmt":"2026-03-22T19:41:23","slug":"geschenkbeutel","status":"publish","type":"product","link":"https:\/\/neu-verstoffwechselt.de\/en\/product\/geschenkbeutel\/","title":{"rendered":"Geschenkbeutel Weihnachten"},"content":{"rendered":"<p>Nie wieder Berge aus zerrissenem Geschenkpapier, stattdessen sch\u00f6ne, langlebige Beutel, die die Neugier auf ihren Inhalt wecken und jedes Jahr aufs neue Freude machen.<\/p>\n<p>Viele verschiedene Farben und Gr\u00f6\u00dfen erh\u00e4ltlich.<\/p>","protected":false},"excerpt":{"rendered":"<p>Nie wieder Berge aus zerrissenem Geschenkpapier, stattdessen sch\u00f6ne, langlebige Beutel, die die Neugier auf ihren Inhalt wecken und jedes Jahr aufs neue Freude machen. Viele verschiedene Farben und Gr\u00f6\u00dfen erh\u00e4ltlich.<\/p>","protected":false},"featured_media":1419,"comment_status":"open","ping_status":"closed","template":"","meta":[],"product_brand":[],"product_cat":[40],"product_tag":[],"class_list":{"0":"post-1418","1":"product","2":"type-product","3":"status-publish","4":"has-post-thumbnail","6":"product_cat-geschenkbeutel","8":"first","9":"instock","10":"shipping-taxable","11":"purchasable","12":"product-type-variable","13":"has-default-attributes"},"_links":{"self":[{"href":"https:\/\/neu-verstoffwechselt.de\/en\/wp-json\/wp\/v2\/product\/1418","targetHints":{"allow":["GET"]}}],"collection":[{"href":"https:\/\/neu-verstoffwechselt.de\/en\/wp-json\/wp\/v2\/product"}],"about":[{"href":"https:\/\/neu-verstoffwechselt.de\/en\/wp-json\/wp\/v2\/types\/product"}],"replies":[{"embeddable":true,"href":"https:\/\/neu-verstoffwechselt.de\/en\/wp-json\/wp\/v2\/comments?post=1418"}],"wp:featuredmedia":[{"embeddable":true,"href":"https:\/\/neu-verstoffwechselt.de\/en\/wp-json\/wp\/v2\/media\/1419"}],"wp:attachment":[{"href":"https:\/\/neu-verstoffwechselt.de\/en\/wp-json\/wp\/v2\/media?parent=1418"}],"wp:term":[{"taxonomy":"product_brand","embeddable":true,"href":"https:\/\/neu-verstoffwechselt.de\/en\/wp-json\/wp\/v2\/product_brand?post=1418"},{"taxonomy":"product_cat","embeddable":true,"href":"https:\/\/neu-verstoffwechselt.de\/en\/wp-json\/wp\/v2\/product_cat?post=1418"},{"taxonomy":"product_tag","embeddable":true,"href":"https:\/\/neu-verstoffwechselt.de\/en\/wp-json\/wp\/v2\/product_tag?post=1418"}],"curies":[{"name":"wp","href":"https:\/\/api.w.org\/{rel}","templated":true}]}}