{"id":1417,"date":"2022-12-19T21:29:11","date_gmt":"2022-12-19T20:29:11","guid":{"rendered":"https:\/\/sewphire.com\/?post_type=product&#038;p=1417"},"modified":"2024-11-06T04:20:44","modified_gmt":"2024-11-06T03:20:44","slug":"kuechentuecher-waschbar","status":"publish","type":"product","link":"https:\/\/neu-verstoffwechselt.de\/en\/product\/kuechentuecher-waschbar\/","title":{"rendered":"K\u00fcchent\u00fccher &#8211; waschbar"},"content":{"rendered":"<p>Diese einlagigen K\u00fcchent\u00fccher aus saugf\u00e4higer Baumwolle lassen sich bei 60 Grad waschen und immer wieder verwenden.<\/p>\n<p>Die Gr\u00f6\u00dfe\u00a0 der T\u00fccher und die Farbe des Saumes sind individuell bestellbar ohne Aufpreis.<\/p>\n<p>&nbsp;<\/p>","protected":false},"excerpt":{"rendered":"<p>Diese einlagigen K\u00fcchent\u00fccher aus saugf\u00e4higer Baumwolle lassen sich bei 60 Grad waschen und immer wieder verwenden. Die Gr\u00f6\u00dfe\u00a0 der T\u00fccher und die Farbe des Saumes sind individuell bestellbar ohne Aufpreis. &nbsp;<\/p>","protected":false},"featured_media":1410,"comment_status":"open","ping_status":"closed","template":"","meta":[],"product_brand":[],"product_cat":[39],"product_tag":[51,50,52],"class_list":{"0":"post-1417","1":"product","2":"type-product","3":"status-publish","4":"has-post-thumbnail","6":"product_cat-kuechewohnen","7":"product_tag-allzwecktuch","8":"product_tag-kuechentuch","9":"product_tag-spueltuch","11":"first","12":"instock","13":"sale","14":"shipping-taxable","15":"purchasable","16":"product-type-simple"},"_links":{"self":[{"href":"https:\/\/neu-verstoffwechselt.de\/en\/wp-json\/wp\/v2\/product\/1417","targetHints":{"allow":["GET"]}}],"collection":[{"href":"https:\/\/neu-verstoffwechselt.de\/en\/wp-json\/wp\/v2\/product"}],"about":[{"href":"https:\/\/neu-verstoffwechselt.de\/en\/wp-json\/wp\/v2\/types\/product"}],"replies":[{"embeddable":true,"href":"https:\/\/neu-verstoffwechselt.de\/en\/wp-json\/wp\/v2\/comments?post=1417"}],"wp:featuredmedia":[{"embeddable":true,"href":"https:\/\/neu-verstoffwechselt.de\/en\/wp-json\/wp\/v2\/media\/1410"}],"wp:attachment":[{"href":"https:\/\/neu-verstoffwechselt.de\/en\/wp-json\/wp\/v2\/media?parent=1417"}],"wp:term":[{"taxonomy":"product_brand","embeddable":true,"href":"https:\/\/neu-verstoffwechselt.de\/en\/wp-json\/wp\/v2\/product_brand?post=1417"},{"taxonomy":"product_cat","embeddable":true,"href":"https:\/\/neu-verstoffwechselt.de\/en\/wp-json\/wp\/v2\/product_cat?post=1417"},{"taxonomy":"product_tag","embeddable":true,"href":"https:\/\/neu-verstoffwechselt.de\/en\/wp-json\/wp\/v2\/product_tag?post=1417"}],"curies":[{"name":"wp","href":"https:\/\/api.w.org\/{rel}","templated":true}]}}