{"id":1408,"date":"2022-12-19T21:28:01","date_gmt":"2022-12-19T20:28:01","guid":{"rendered":"https:\/\/sewphire.com\/?post_type=product&#038;p=1408"},"modified":"2024-02-25T23:39:35","modified_gmt":"2024-02-25T22:39:35","slug":"lappen","status":"publish","type":"product","link":"https:\/\/neu-verstoffwechselt.de\/en\/product\/lappen\/","title":{"rendered":"K\u00fcchent\u00fccher zweilagig"},"content":{"rendered":"<p>Unsere zweilagigen K\u00fcchent\u00fccher aus Flanell und Waffelpiqu\u00e9 \u00fcberzeugen mit ihrer extra starken Saugf\u00e4higkeit und ansprechendem Design. Sie sind bei bis zu 60 Grad waschbar und k\u00f6nnen immer wieder verwendet werden. Immer griffbereit, ob gefaltet im K\u00f6rbchen oder zum schnellen Abrollen von der Stange, sind sie sofort zur Hand, wenn ein Missgeschick geschieht. Dabei entsteht kein M\u00fcll wie bei herk\u00f6mmlichen K\u00fcchent\u00fcchern. Wir verwenden f\u00fcr unsere K\u00fcchent\u00fccher qualitativ hochwertige Stoffe, die woanders als Schnittreste \u00fcbrig geblieben sind und nutzen, was schon da ist, anstatt neue Stoffe einzukaufen.\u00a0 Sie erhalten einen farblich stimmigen Mix aus mehreren Stoffmustern, die Muster k\u00f6nnen von denen auf unseren Bildern abweichen. Die T\u00fccher haben eine Gr\u00f6\u00dfe von 35 x 35 cm.<\/p>","protected":false},"excerpt":{"rendered":"<p>Extra saugstarke K\u00fcchent\u00fccher aus Baumwolle<\/p>","protected":false},"featured_media":1412,"comment_status":"open","ping_status":"closed","template":"","meta":[],"product_brand":[],"product_cat":[39],"product_tag":[51,56,50,57,58],"class_list":{"0":"post-1408","1":"product","2":"type-product","3":"status-publish","4":"has-post-thumbnail","6":"product_cat-kuechewohnen","7":"product_tag-allzwecktuch","8":"product_tag-kuechenrolle","9":"product_tag-kuechentuch","10":"product_tag-nachhaltig","11":"product_tag-zero-waste","13":"first","14":"outofstock","15":"shipping-taxable","16":"purchasable","17":"product-type-simple"},"_links":{"self":[{"href":"https:\/\/neu-verstoffwechselt.de\/en\/wp-json\/wp\/v2\/product\/1408","targetHints":{"allow":["GET"]}}],"collection":[{"href":"https:\/\/neu-verstoffwechselt.de\/en\/wp-json\/wp\/v2\/product"}],"about":[{"href":"https:\/\/neu-verstoffwechselt.de\/en\/wp-json\/wp\/v2\/types\/product"}],"replies":[{"embeddable":true,"href":"https:\/\/neu-verstoffwechselt.de\/en\/wp-json\/wp\/v2\/comments?post=1408"}],"wp:featuredmedia":[{"embeddable":true,"href":"https:\/\/neu-verstoffwechselt.de\/en\/wp-json\/wp\/v2\/media\/1412"}],"wp:attachment":[{"href":"https:\/\/neu-verstoffwechselt.de\/en\/wp-json\/wp\/v2\/media?parent=1408"}],"wp:term":[{"taxonomy":"product_brand","embeddable":true,"href":"https:\/\/neu-verstoffwechselt.de\/en\/wp-json\/wp\/v2\/product_brand?post=1408"},{"taxonomy":"product_cat","embeddable":true,"href":"https:\/\/neu-verstoffwechselt.de\/en\/wp-json\/wp\/v2\/product_cat?post=1408"},{"taxonomy":"product_tag","embeddable":true,"href":"https:\/\/neu-verstoffwechselt.de\/en\/wp-json\/wp\/v2\/product_tag?post=1408"}],"curies":[{"name":"wp","href":"https:\/\/api.w.org\/{rel}","templated":true}]}}