{"id":1403,"date":"2022-12-19T21:17:44","date_gmt":"2022-12-19T20:17:44","guid":{"rendered":"https:\/\/sewphire.com\/?post_type=product&#038;p=1403"},"modified":"2024-11-24T21:48:49","modified_gmt":"2024-11-24T20:48:49","slug":"abschmink-pads","status":"publish","type":"product","link":"https:\/\/neu-verstoffwechselt.de\/en\/product\/abschmink-pads\/","title":{"rendered":"Abschmink-Pads mit W\u00e4schenetz"},"content":{"rendered":"<p>Die Abschminkpads aus Baumwollfrottee und Flanell, also mit einer gr\u00f6beren und einer feineren Seite, kommen im 10er Pack zu dir. Sie sind hautsympathisch und eine umweltfreundlche Alternative zu herk\u00f6mmlichen Wattepads. Sie sind bei bis zu 60 Grad celsius waschbar und k\u00f6nnen immer und immer wieder verwendet werden.<\/p>\n<p>Zusammen mit einem praktischen W\u00e4schenetz, das du dazu bekommst, k\u00f6nnen sie einfach mit in die n\u00e4chste Waschmaschine wandern. Sauberes Gesicht und M\u00fcll gespart, was willst du mehr!<\/p>","protected":false},"excerpt":{"rendered":"<p>Die umweltfreundliche Alternative<\/p>","protected":false},"featured_media":1404,"comment_status":"open","ping_status":"closed","template":"","meta":[],"product_brand":[],"product_cat":[61],"product_tag":[],"class_list":{"0":"post-1403","1":"product","2":"type-product","3":"status-publish","4":"has-post-thumbnail","6":"product_cat-beauty","7":"product_shipping_class-mini-light","9":"first","10":"instock","11":"shipping-taxable","12":"purchasable","13":"product-type-simple"},"_links":{"self":[{"href":"https:\/\/neu-verstoffwechselt.de\/en\/wp-json\/wp\/v2\/product\/1403","targetHints":{"allow":["GET"]}}],"collection":[{"href":"https:\/\/neu-verstoffwechselt.de\/en\/wp-json\/wp\/v2\/product"}],"about":[{"href":"https:\/\/neu-verstoffwechselt.de\/en\/wp-json\/wp\/v2\/types\/product"}],"replies":[{"embeddable":true,"href":"https:\/\/neu-verstoffwechselt.de\/en\/wp-json\/wp\/v2\/comments?post=1403"}],"wp:featuredmedia":[{"embeddable":true,"href":"https:\/\/neu-verstoffwechselt.de\/en\/wp-json\/wp\/v2\/media\/1404"}],"wp:attachment":[{"href":"https:\/\/neu-verstoffwechselt.de\/en\/wp-json\/wp\/v2\/media?parent=1403"}],"wp:term":[{"taxonomy":"product_brand","embeddable":true,"href":"https:\/\/neu-verstoffwechselt.de\/en\/wp-json\/wp\/v2\/product_brand?post=1403"},{"taxonomy":"product_cat","embeddable":true,"href":"https:\/\/neu-verstoffwechselt.de\/en\/wp-json\/wp\/v2\/product_cat?post=1403"},{"taxonomy":"product_tag","embeddable":true,"href":"https:\/\/neu-verstoffwechselt.de\/en\/wp-json\/wp\/v2\/product_tag?post=1403"}],"curies":[{"name":"wp","href":"https:\/\/api.w.org\/{rel}","templated":true}]}}