{"id":1398,"date":"2022-12-19T20:19:54","date_gmt":"2022-12-19T19:19:54","guid":{"rendered":"https:\/\/sewphire.com\/?post_type=product&#038;p=1398"},"modified":"2024-11-24T21:48:54","modified_gmt":"2024-11-24T20:48:54","slug":"schluesseltasche","status":"publish","type":"product","link":"https:\/\/neu-verstoffwechselt.de\/en\/product\/schluesseltasche\/","title":{"rendered":"Schl\u00fcsseltasche"},"content":{"rendered":"<p>In dem praktischen Schl\u00fcsselt\u00e4schchen kann dein Schl\u00fcsselbund auf der Innenseite am eingen\u00e4hten Schl\u00fcsselring befestigt werden. Schl\u00fcssel k\u00f6nnen so sicher verstaut werden.<\/p>\n<p>Unsere Schl\u00fcsseltaschen werden aus Schnittresten von regional produziertem Leder hergestellt.<\/p>","protected":false},"excerpt":{"rendered":"<p>Die Ledertasche f\u00fcr dein Schl\u00fcsselbund<\/p>","protected":false},"featured_media":1402,"comment_status":"closed","ping_status":"closed","template":"","meta":[],"product_brand":[],"product_cat":[34],"product_tag":[54,55,53],"class_list":{"0":"post-1398","1":"product","2":"type-product","3":"status-publish","4":"has-post-thumbnail","6":"product_cat-accessories","7":"product_tag-schluesselbundhuelle","8":"product_tag-schluesselschutztasche","9":"product_tag-schluesseltasche","11":"first","12":"outofstock","13":"shipping-taxable","14":"purchasable","15":"product-type-simple"},"_links":{"self":[{"href":"https:\/\/neu-verstoffwechselt.de\/en\/wp-json\/wp\/v2\/product\/1398","targetHints":{"allow":["GET"]}}],"collection":[{"href":"https:\/\/neu-verstoffwechselt.de\/en\/wp-json\/wp\/v2\/product"}],"about":[{"href":"https:\/\/neu-verstoffwechselt.de\/en\/wp-json\/wp\/v2\/types\/product"}],"replies":[{"embeddable":true,"href":"https:\/\/neu-verstoffwechselt.de\/en\/wp-json\/wp\/v2\/comments?post=1398"}],"wp:featuredmedia":[{"embeddable":true,"href":"https:\/\/neu-verstoffwechselt.de\/en\/wp-json\/wp\/v2\/media\/1402"}],"wp:attachment":[{"href":"https:\/\/neu-verstoffwechselt.de\/en\/wp-json\/wp\/v2\/media?parent=1398"}],"wp:term":[{"taxonomy":"product_brand","embeddable":true,"href":"https:\/\/neu-verstoffwechselt.de\/en\/wp-json\/wp\/v2\/product_brand?post=1398"},{"taxonomy":"product_cat","embeddable":true,"href":"https:\/\/neu-verstoffwechselt.de\/en\/wp-json\/wp\/v2\/product_cat?post=1398"},{"taxonomy":"product_tag","embeddable":true,"href":"https:\/\/neu-verstoffwechselt.de\/en\/wp-json\/wp\/v2\/product_tag?post=1398"}],"curies":[{"name":"wp","href":"https:\/\/api.w.org\/{rel}","templated":true}]}}