{"id":520,"date":"2017-03-06T15:12:39","date_gmt":"2017-03-06T15:12:39","guid":{"rendered":"https:\/\/www.althemist.com\/zass\/?page_id=520"},"modified":"2023-03-20T21:39:57","modified_gmt":"2023-03-20T20:39:57","slug":"ueber-mich","status":"publish","type":"page","link":"https:\/\/neu-verstoffwechselt.de\/en\/ueber-mich\/","title":{"rendered":"About me"},"content":{"rendered":"<div data-vc-full-width=\"true\" data-vc-full-width-init=\"false\" class=\"vc_row wpb_row vc_row-fluid vc_custom_1488813254159 vc_row-has-fill\">\r\n\t\t<div class=\"wpb_column vc_column_container vc_col-sm-12\"><div class=\"vc_column-inner\"><div class=\"wpb_wrapper\">\t<div class=\"vc_row wpb_row vc_inner vc_row-fluid vc_column-gap-35 vc_row-o-content-middle vc_row-flex\" >\r\n\t\t<div class=\"wpb_column vc_column_container vc_col-sm-6\"><div class=\"vc_column-inner\"><div class=\"wpb_wrapper\">\n\t<div  class=\"wpb_single_image wpb_content_element vc_align_left\">\n\t\t\n\t\t<figure class=\"wpb_wrapper vc_figure\">\n\t\t\t<div class=\"vc_single_image-wrapper   vc_box_border_grey\"><img loading=\"lazy\" decoding=\"async\" width=\"800\" height=\"620\" src=\"https:\/\/neu-verstoffwechselt.de\/wp-content\/uploads\/2017\/03\/about_pic.jpg\" class=\"vc_single_image-img attachment-full\" alt=\"\" title=\"about_pic\" srcset=\"https:\/\/neu-verstoffwechselt.de\/wp-content\/uploads\/2017\/03\/about_pic.jpg 800w, https:\/\/neu-verstoffwechselt.de\/wp-content\/uploads\/2017\/03\/about_pic-600x465.jpg 600w, https:\/\/neu-verstoffwechselt.de\/wp-content\/uploads\/2017\/03\/about_pic-300x233.jpg 300w, https:\/\/neu-verstoffwechselt.de\/wp-content\/uploads\/2017\/03\/about_pic-768x595.jpg 768w, https:\/\/neu-verstoffwechselt.de\/wp-content\/uploads\/2017\/03\/about_pic-550x426.jpg 550w, https:\/\/neu-verstoffwechselt.de\/wp-content\/uploads\/2017\/03\/about_pic-194x150.jpg 194w, https:\/\/neu-verstoffwechselt.de\/wp-content\/uploads\/2017\/03\/about_pic-100x78.jpg 100w, https:\/\/neu-verstoffwechselt.de\/wp-content\/uploads\/2017\/03\/about_pic-50x39.jpg 50w\" sizes=\"auto, (max-width: 800px) 100vw, 800px\" \/><\/div>\n\t\t<\/figure>\n\t<\/div>\n<\/div><\/div><\/div><div class=\"wpb_column vc_column_container vc_col-sm-6\"><div class=\"vc_column-inner\"><div class=\"wpb_wrapper\">\n\t<div class=\"wpb_text_column wpb_content_element  wpb_animate_when_almost_visible wpb_fadeIn fadeIn\" >\n\t\t<div class=\"wpb_wrapper\">\n\t\t\t<h2 style=\"text-align: center;\">Meine Vision<\/h2>\n\n\t\t<\/div>\n\t<\/div>\n\n\t<div class=\"wpb_text_column wpb_content_element\" >\n\t\t<div class=\"wpb_wrapper\">\n\t\t\t<h5 style=\"text-align: center;\">Brauchst du das noch oder kann ich was draus machen?<\/h5>\n\n\t\t<\/div>\n\t<\/div>\n\n\t<div class=\"wpb_text_column wpb_content_element\" >\n\t\t<div class=\"wpb_wrapper\">\n\t\t\t<p style=\"text-align: center;\">Hallo, mein Name ist Simone, ich n\u00e4he oft und viel und probiere gern Neues aus. Am liebsten verwende ich Stoff, der von anderen N\u00e4hprojekten \u00fcbrig geblieben ist und scheinbar keinen Zweck mehr hat. Solche Reste sammele ich, auch von anderen N\u00e4herinnen, und mache etwas daraus. Mit Stoffen lassen sich viele Ressourcen sinnvoll schonen: Du m\u00f6chtest Geschenke verpacken? Sieh dir meine Geschenkbeutel an, die selbst ein Geschenk sind! Du kannst sie auch selbst\u00a0 immer wieder verwenden, wenn du sie in deiner Familie benutzt.<\/p>\n<p style=\"text-align: center;\">Auch in der K\u00fcche und in im Bad l\u00e4sst sich M\u00fcll vermeiden! Mit waschbaren\u00a0 K\u00fcchent\u00fcchern, Abschminkpads im praktischen Netzbeutel, bunten Stoffwindeln, und vielem mehr..<\/p>\n<p style=\"text-align: center;\">Schau dich um und lass dich inspirieren! Ich n\u00e4he f\u00fcr dich gern genau das, was du dir vorstellst. Schreib mir einfach eine Mail oder hinterlasse einen Kommentar, ich freue mich auf deinen Auftrag!<\/p>\n\n\t\t<\/div>\n\t<\/div>\n<\/div><\/div><\/div>\t<\/div>\r\n\r\n<\/div><\/div><\/div>\t<\/div>\r\n<div class=\"vc_row-full-width vc_clearfix\"><\/div>","protected":false},"excerpt":{"rendered":"Meine Vision Brauchst du das noch oder kann ich was draus machen? Hallo, mein Name ist Simone, ich n\u00e4he oft und viel und probiere gern Neues aus. Am liebsten verwende ich Stoff, der von anderen N\u00e4hprojekten \u00fcbrig geblieben ist und scheinbar keinen Zweck mehr hat. Solche Reste sammele ich, auch von anderen N\u00e4herinnen, und mache ...<a class=\"r_more_blog\" href=\"https:\/\/neu-verstoffwechselt.de\/en\/ueber-mich\/#more-520\"><i class=\"fa fa-sign-in\"><\/i> read more<\/a>","protected":false},"author":1,"featured_media":0,"parent":0,"menu_order":0,"comment_status":"closed","ping_status":"closed","template":"","meta":{"footnotes":""},"class_list":["post-520","page","type-page","status-publish","hentry"],"_links":{"self":[{"href":"https:\/\/neu-verstoffwechselt.de\/en\/wp-json\/wp\/v2\/pages\/520","targetHints":{"allow":["GET"]}}],"collection":[{"href":"https:\/\/neu-verstoffwechselt.de\/en\/wp-json\/wp\/v2\/pages"}],"about":[{"href":"https:\/\/neu-verstoffwechselt.de\/en\/wp-json\/wp\/v2\/types\/page"}],"author":[{"embeddable":true,"href":"https:\/\/neu-verstoffwechselt.de\/en\/wp-json\/wp\/v2\/users\/1"}],"replies":[{"embeddable":true,"href":"https:\/\/neu-verstoffwechselt.de\/en\/wp-json\/wp\/v2\/comments?post=520"}],"version-history":[{"count":9,"href":"https:\/\/neu-verstoffwechselt.de\/en\/wp-json\/wp\/v2\/pages\/520\/revisions"}],"predecessor-version":[{"id":1628,"href":"https:\/\/neu-verstoffwechselt.de\/en\/wp-json\/wp\/v2\/pages\/520\/revisions\/1628"}],"wp:attachment":[{"href":"https:\/\/neu-verstoffwechselt.de\/en\/wp-json\/wp\/v2\/media?parent=520"}],"curies":[{"name":"wp","href":"https:\/\/api.w.org\/{rel}","templated":true}]}}